{"id":3,"date":"2022-01-16T12:40:04","date_gmt":"2022-01-16T12:40:04","guid":{"rendered":"https:\/\/canllosses.com\/?page_id=3"},"modified":"2023-02-08T15:51:39","modified_gmt":"2023-02-08T15:51:39","slug":"politica-privacidad","status":"publish","type":"page","link":"https:\/\/canllosses.com\/ca\/politica-privacidad\/","title":{"rendered":"Pol\u00edtica de privacidad"},"content":{"rendered":"<div id=\"fws_69f2e843dcfe7\"  data-column-margin=\"default\" data-midnight=\"dark\"  class=\"wpb_row vc_row-fluid vc_row\"  style=\"padding-top: 0px; padding-bottom: 0px; \"><div class=\"row-bg-wrap\" data-bg-animation=\"none\" data-bg-animation-delay=\"\" data-bg-overlay=\"false\"><div class=\"inner-wrap row-bg-layer\" ><div class=\"row-bg viewport-desktop\"  style=\"\"><\/div><\/div><\/div><div class=\"row_col_wrap_12 col span_12 dark left\">\n\t<div  class=\"vc_col-sm-12 wpb_column column_container vc_column_container col no-extra-padding inherit_tablet inherit_phone\"  data-padding-pos=\"all\" data-has-bg-color=\"false\" data-bg-color=\"\" data-bg-opacity=\"1\" data-animation=\"\" data-delay=\"0\" >\n\t\t<div class=\"vc_column-inner\" >\n\t\t\t<div class=\"wpb_wrapper\">\n\t\t\t\t\n<div class=\"wpb_text_column wpb_content_element\" >\n\t<h3><strong>POL\u00cdTICA DE PRIVACIDAD<\/strong><\/h3>\n<h4><strong>1. INFORMACI\u00d3N B\u00c1SICA SOBRE PROTECCI\u00d3N DE DATOS<\/strong><\/h4>\n<p>Responsable: Kaidel Master, S.L.<br \/>\nFinalidad: Prestar los servicios solicitados, mantener comunicaciones para la consecuci\u00f3n de estos y mantenerle informado sobre nuestra actividad en general.<br \/>\nLegitimaci\u00f3n: Ejecuci\u00f3n de un contrato. Consentimiento del interesado.<br \/>\nDestinatarios: No se ceder\u00e1n datos a terceros, salvo obligaci\u00f3n legal.<br \/>\nDerechos: Tiene derecho a acceder, rectificar y suprimir los datos, as\u00ed como otros derechos indicados en la informaci\u00f3n adicional, que puede ejercer dirigi\u00e9ndose a la direcci\u00f3n info@canllosses.com.<\/p>\n<h4><strong>2. INFORMACI\u00d3N ADICIONAL SOBRE PROTECCI\u00d3N DE DATOS<\/strong><\/h4>\n<p><strong>\u00bfQui\u00e9n es el responsable del tratamiento de sus datos?<\/strong><br \/>\nIdentidad: Kaidel Master, S.L. \u2013 NIF: B66337908 &#8211; Direcci\u00f3n postal: C\/ Manila 56 2-2-B, 08034 \u2013 Barcelona Tel\u00e9fono: 605433334 &#8211; Correo electr\u00f3nico: info@canllosses.com<\/p>\n<p><strong>\u00bfCon qu\u00e9 finalidad tratamos sus datos personales?<\/strong><br \/>\nEn Kaidel Master, S.L. tratamos la informaci\u00f3n que nos facilitan las personas interesadas con el fin de prestarle los servicios concertados, realizar la gesti\u00f3n administrativa, contable y fiscal de los servicios solicitados, mantener comunicaciones a cerca de los mismos, as\u00ed como el env\u00edo de comunicaciones inclusive por correo electr\u00f3nico, para mantenerle informado sobre nuestra actividad en general.<\/p>\n<p><strong>\u00bfPor cu\u00e1nto tiempo conservaremos sus datos?<\/strong><br \/>\nLos datos se conservar\u00e1n mientras no solicite su supresi\u00f3n, y en cualquier caso, durante los a\u00f1os necesarios para cumplir con las obligaciones legales.<\/p>\n<p><strong>\u00bfCu\u00e1l es la legitimaci\u00f3n para el tratamiento de sus datos?<\/strong><br \/>\nLe indicamos la base legal para el tratamiento de sus datos:<\/p>\n<ul>\n<li>Ejecuci\u00f3n de un contrato: Prestaci\u00f3n de los servicios solicitados<\/li>\n<li>Consentimiento del interesado: Env\u00edo de comunicaciones comerciales sobre nuestra actividad en general.<\/li>\n<\/ul>\n<p><strong>\u00bfA qu\u00e9 destinatarios se comunicar\u00e1n sus datos?<\/strong><br \/>\nNo se ceder\u00e1n datos a terceros, salvo obligaci\u00f3n legal.<\/p>\n<p><strong>\u00bfTransferencias de datos a terceros pa\u00edses?<\/strong><br \/>\nNo est\u00e1n previstas transferencias de datos a terceros pa\u00edses.<\/p>\n<p><strong>\u00bfCu\u00e1les son sus derechos cuando nos facilita sus datos?<\/strong><br \/>\nCualquier persona tiene derecho a obtener confirmaci\u00f3n sobre si en Kaidel Master S.L. estamos tratando datos personales que les conciernan, o no.<\/p>\n<p>Las personas interesadas tienen derecho a acceder a sus datos personales, as\u00ed como a solicitar la rectificaci\u00f3n de los datos inexactos o, en su caso, solicitar su supresi\u00f3n cuando, entre otros motivos, los datos ya no sean necesarios para los fines que fueron recogidos.<\/p>\n<p>En determinadas circunstancias, los interesados podr\u00e1n solicitar la limitaci\u00f3n del tratamiento de sus datos, en cuyo caso \u00fanicamente los conservaremos para el ejercicio o la defensa de reclamaciones. Asimismo, en los supuestos legalmente establecidos, tendr\u00e1 derecho a la portabilidad de sus datos personales.<\/p>\n<p>En determinadas circunstancias y por motivos relacionados con su situaci\u00f3n particular, los interesados podr\u00e1n oponerse al tratamiento de sus datos. En este caso Kaidel Master S.L. dejar\u00e1 de tratar los datos, salvo por motivos leg\u00edtimos imperiosos, o el ejercicio o la defensa de posibles reclamaciones.<br \/>\nPodr\u00e1 ejercitar materialmente sus derechos de la siguiente forma:<br \/>\nEnviando un correo electr\u00f3nico a info@canllosses.com o una carta a C\/ Manila 56 2-2-B, 08034 \u2013 Barcelona.<\/p>\n<p>Si ha otorgado su consentimiento para alguna finalidad concreta, tiene derecho a retirar el consentimiento otorgado en cualquier momento, sin que ello afecte a la licitud del tratamiento basado en el consentimiento previo a su retirada.<\/p>\n<p>En caso de que sienta vulnerados sus derechos en lo concerniente a la protecci\u00f3n de sus datos personales, especialmente cuando no haya obtenido satisfacci\u00f3n en el ejercicio de sus derechos, puede presentar una reclamaci\u00f3n ante la Autoridad de Control en materia de Protecci\u00f3n de Datos competente a trav\u00e9s de su sitio web: <a href=\"http:\/\/www.agpd.es\">www.agpd.es<\/a>.<\/p>\n<\/div>\n\n\n\n\n\t\t\t<\/div> \n\t\t<\/div>\n\t<\/div> \n<\/div><\/div>","protected":false},"excerpt":{"rendered":"POL\u00cdTICA DE PRIVACIDAD 1. INFORMACI\u00d3N B\u00c1SICA SOBRE PROTECCI\u00d3N DE DATOS Responsable: Kaidel Master, S.L. Finalidad: Prestar los servicios...","protected":false},"author":2,"featured_media":0,"parent":0,"menu_order":0,"comment_status":"closed","ping_status":"closed","template":"","meta":{"_themeisle_gutenberg_block_has_review":false,"footnotes":""},"class_list":["post-3","page","type-page","status-publish"],"aioseo_notices":[],"_links":{"self":[{"href":"https:\/\/canllosses.com\/ca\/wp-json\/wp\/v2\/pages\/3","targetHints":{"allow":["GET"]}}],"collection":[{"href":"https:\/\/canllosses.com\/ca\/wp-json\/wp\/v2\/pages"}],"about":[{"href":"https:\/\/canllosses.com\/ca\/wp-json\/wp\/v2\/types\/page"}],"author":[{"embeddable":true,"href":"https:\/\/canllosses.com\/ca\/wp-json\/wp\/v2\/users\/2"}],"replies":[{"embeddable":true,"href":"https:\/\/canllosses.com\/ca\/wp-json\/wp\/v2\/comments?post=3"}],"version-history":[{"count":13,"href":"https:\/\/canllosses.com\/ca\/wp-json\/wp\/v2\/pages\/3\/revisions"}],"predecessor-version":[{"id":707,"href":"https:\/\/canllosses.com\/ca\/wp-json\/wp\/v2\/pages\/3\/revisions\/707"}],"wp:attachment":[{"href":"https:\/\/canllosses.com\/ca\/wp-json\/wp\/v2\/media?parent=3"}],"curies":[{"name":"wp","href":"https:\/\/api.w.org\/{rel}","templated":true}]}}