{"id":498,"date":"2022-01-18T11:56:10","date_gmt":"2022-01-18T11:56:10","guid":{"rendered":"https:\/\/canllosses.com\/?page_id=498"},"modified":"2025-11-04T13:06:25","modified_gmt":"2025-11-04T13:06:25","slug":"aviso-legal","status":"publish","type":"page","link":"https:\/\/canllosses.com\/ca\/aviso-legal\/","title":{"rendered":"Av\u00eds Legal"},"content":{"rendered":"<div id=\"fws_69f2fa5a1f217\"  data-column-margin=\"default\" data-midnight=\"dark\"  class=\"wpb_row vc_row-fluid vc_row\"  style=\"padding-top: 0px; padding-bottom: 0px; \"><div class=\"row-bg-wrap\" data-bg-animation=\"none\" data-bg-animation-delay=\"\" data-bg-overlay=\"false\"><div class=\"inner-wrap row-bg-layer\" ><div class=\"row-bg viewport-desktop\"  style=\"\"><\/div><\/div><\/div><div class=\"row_col_wrap_12 col span_12 dark left\">\n\t<div  class=\"vc_col-sm-12 wpb_column column_container vc_column_container col no-extra-padding inherit_tablet inherit_phone\"  data-padding-pos=\"all\" data-has-bg-color=\"false\" data-bg-color=\"\" data-bg-opacity=\"1\" data-animation=\"\" data-delay=\"0\" >\n\t\t<div class=\"vc_column-inner\" >\n\t\t\t<div class=\"wpb_wrapper\">\n\t\t\t\t\n<div class=\"wpb_text_column wpb_content_element\" >\n\t<h2 data-start=\"219\" data-end=\"236\"><strong data-start=\"222\" data-end=\"236\">AV\u00cdS LEGAL<\/strong><\/h2>\n<p data-start=\"238\" data-end=\"480\">En compliment del deure d\u2019informaci\u00f3 disposat a la Llei 34\/2002 de Serveis de la Societat de la Informaci\u00f3 i del Comer\u00e7 Electr\u00f2nic (LSSI-CE) d\u201911 de juliol, es faciliten a continuaci\u00f3 les seg\u00fcents dades d\u2019informaci\u00f3 general d\u2019aquest lloc web:<\/p>\n<p data-start=\"482\" data-end=\"863\">La titularitat d\u2019aquest lloc web, <a class=\"decorated-link\" href=\"https:\/\/canllosses.com\/ca\/\" target=\"_new\" rel=\"noopener\" data-start=\"516\" data-end=\"564\">https:\/\/canllosses.com<\/a>, (d\u2019ara endavant, el <strong data-start=\"586\" data-end=\"598\">Lloc Web<\/strong>) l\u2019ostenta: , prove\u00efda de NIF: <strong data-start=\"630\" data-end=\"643\">B66337908<\/strong> i inscrita en: amb les seg\u00fcents dades registrals: , el seu representant \u00e9s: <strong data-start=\"720\" data-end=\"742\">Kaidel Master S.L.<\/strong>, <strong data-start=\"744\" data-end=\"779\">Registre Mercantil de Barcelona<\/strong> Tom: 4405 Full: 212 Fulla: 455168 inscripci\u00f3: 1, i les seves dades de contacte s\u00f3n:<\/p>\n<p data-start=\"865\" data-end=\"989\"><strong data-start=\"865\" data-end=\"876\">Adre\u00e7a:<\/strong> Av. Cerdanyola 75\/77, 1, 08172 Sant Cugat del Vall\u00e8s.<br data-start=\"930\" data-end=\"933\" \/><strong data-start=\"933\" data-end=\"967\">Correu electr\u00f2nic de contacte:<\/strong> <a class=\"decorated-link cursor-pointer\" rel=\"noopener\" data-start=\"968\" data-end=\"987\">info@canllosses.com<\/a><\/p>\n<hr data-start=\"991\" data-end=\"994\" \/>\n<h3 data-start=\"996\" data-end=\"1040\"><strong data-start=\"1000\" data-end=\"1040\">I. Termes i condicions generals d\u2019\u00fas<\/strong><\/h3>\n<h4 data-start=\"1042\" data-end=\"1085\">Objecte de les condicions: el Lloc Web<\/h4>\n<p data-start=\"1087\" data-end=\"1649\">L\u2019objecte de les presents Condicions Generals d\u2019\u00das (d\u2019ara endavant, <strong data-start=\"1155\" data-end=\"1169\">Condicions<\/strong>) \u00e9s regular l\u2019acc\u00e9s i la utilitzaci\u00f3 del Lloc Web.<br data-start=\"1220\" data-end=\"1223\" \/>Als efectes de les presents Condicions s\u2019entendr\u00e0 com a <strong data-start=\"1279\" data-end=\"1291\">Lloc Web<\/strong>: l\u2019aparen\u00e7a externa de les interf\u00edcies de pantalla, tant de forma est\u00e0tica com din\u00e0mica, \u00e9s a dir, l\u2019arbre de navegaci\u00f3; i tots els elements integrats tant en les interf\u00edcies de pantalla com en l\u2019arbre de navegaci\u00f3 (d\u2019ara endavant, <strong data-start=\"1524\" data-end=\"1538\">Continguts<\/strong>) i tots aquells serveis o recursos en l\u00ednia que, si escau, ofereixi als Usuaris (d\u2019ara endavant, <strong data-start=\"1636\" data-end=\"1647\">Serveis<\/strong>).<\/p>\n<p data-start=\"1651\" data-end=\"2034\"><strong data-start=\"1651\" data-end=\"1666\">Can Llosses<\/strong> es reserva la facultat de modificar, en qualsevol moment i sense av\u00eds previ, la presentaci\u00f3 i configuraci\u00f3 del Lloc Web i dels Continguts i Serveis que s\u2019hi puguin incorporar.<br data-start=\"1842\" data-end=\"1845\" \/>L\u2019Usuari reconeix i accepta que, en qualsevol moment, <strong data-start=\"1899\" data-end=\"1914\">Can Llosses<\/strong> pugui interrompre, desactivar i\/o cancel\u00b7lar qualsevol d\u2019aquests elements integrats al Lloc Web o l\u2019acc\u00e9s als mateixos.<\/p>\n<p data-start=\"2036\" data-end=\"2337\">L\u2019acc\u00e9s al Lloc Web per part de l\u2019Usuari t\u00e9 car\u00e0cter lliure i, com a norma general, \u00e9s gratu\u00eft, sense que l\u2019Usuari hagi d\u2019aportar cap contraprestaci\u00f3 per poder gaudir-ne, llevat del cost de connexi\u00f3 a trav\u00e9s de la xarxa de telecomunicacions proporcionada pel prove\u00efdor d\u2019acc\u00e9s contractat per l\u2019Usuari.<\/p>\n<p data-start=\"2339\" data-end=\"2460\">La utilitzaci\u00f3 d\u2019algun dels Continguts o Serveis del Lloc Web podr\u00e0 requerir la subscripci\u00f3 o registre previ de l\u2019Usuari.<\/p>\n<hr data-start=\"2462\" data-end=\"2465\" \/>\n<h3 data-start=\"2467\" data-end=\"2483\"><strong data-start=\"2471\" data-end=\"2483\">L\u2019Usuari<\/strong><\/h3>\n<p data-start=\"2485\" data-end=\"2864\">L\u2019acc\u00e9s, la navegaci\u00f3 i l\u2019\u00fas del Lloc Web confereixen la condici\u00f3 d\u2019<strong data-start=\"2553\" data-end=\"2563\">Usuari<\/strong>, i impliquen l\u2019acceptaci\u00f3 de totes les Condicions aqu\u00ed establertes, aix\u00ed com de les seves posteriors modificacions, sense perjudici de l\u2019aplicaci\u00f3 de la normativa legal que correspongui en cada cas.<br data-start=\"2762\" data-end=\"2765\" \/>Donada la import\u00e0ncia d\u2019aix\u00f2, es recomana a l\u2019Usuari llegir-les cada vegada que visiti el Lloc Web.<\/p>\n<p data-start=\"2866\" data-end=\"3066\">El Lloc Web de <strong data-start=\"2881\" data-end=\"2896\">Can Llosses<\/strong> proporciona una gran diversitat d\u2019informaci\u00f3, serveis i dades. L\u2019Usuari assumeix la seva responsabilitat per fer-ne un \u00fas correcte. Aquesta responsabilitat s\u2019estendr\u00e0 a:<\/p>\n<ul data-start=\"3068\" data-end=\"3795\">\n<li data-start=\"3068\" data-end=\"3311\">\n<p data-start=\"3070\" data-end=\"3311\">L\u2019\u00fas de la informaci\u00f3, Continguts i\/o Serveis i dades oferts per <strong data-start=\"3135\" data-end=\"3150\">Can Llosses<\/strong> d\u2019acord amb les presents Condicions, la Llei, la moral o l\u2019ordre p\u00fablic, sense que lesionin drets de tercers ni interfereixin en el funcionament del Lloc Web.<\/p>\n<\/li>\n<li data-start=\"3312\" data-end=\"3795\">\n<p data-start=\"3314\" data-end=\"3795\">La veracitat i licitud de les informacions aportades per l\u2019Usuari en els formularis facilitats per <strong data-start=\"3413\" data-end=\"3428\">Can Llosses<\/strong> per accedir a certs Continguts o Serveis. En tot cas, l\u2019Usuari haur\u00e0 de notificar immediatament a <strong data-start=\"3527\" data-end=\"3542\">Can Llosses<\/strong> qualsevol fet que permeti l\u2019\u00fas indegut de la informaci\u00f3 registrada en aquests formularis, com ara, per\u00f2 no exclusivament, el robatori, p\u00e8rdua o acc\u00e9s no autoritzat a identificadors i\/o contrasenyes, per tal de procedir a la seva cancel\u00b7laci\u00f3 immediata.<\/p>\n<\/li>\n<\/ul>\n<p data-start=\"3797\" data-end=\"3896\">El simple acc\u00e9s a aquest Lloc Web no suposa cap relaci\u00f3 comercial entre <strong data-start=\"3869\" data-end=\"3884\">Can Llosses<\/strong> i l\u2019Usuari.<\/p>\n<p data-start=\"3898\" data-end=\"4065\">Aquest Lloc Web de <strong data-start=\"3917\" data-end=\"3932\">Can Llosses<\/strong> s\u2019adre\u00e7a a totes les persones, sense distinci\u00f3 d\u2019edat, que puguin accedir-hi i\/o navegar-hi, sempre respectant la legislaci\u00f3 vigent.<\/p>\n<p data-start=\"4067\" data-end=\"4577\">El Lloc Web est\u00e0 orientat principalment a Usuaris residents a <strong data-start=\"4129\" data-end=\"4140\">Espanya<\/strong>. <strong data-start=\"4142\" data-end=\"4157\">Can Llosses<\/strong> no garanteix que el Lloc Web compleixi amb legislacions d\u2019altres pa\u00efsos, totalment o parcialment. Si l\u2019Usuari resideix o t\u00e9 el seu domicili en un altre lloc i decideix accedir o navegar pel Lloc Web, ho far\u00e0 sota la seva pr\u00f2pia responsabilitat; haur\u00e0 d\u2019assegurar-se que aquest acc\u00e9s i navegaci\u00f3 compleixen amb la legislaci\u00f3 local aplicable, sense que <strong data-start=\"4509\" data-end=\"4524\">Can Llosses<\/strong> assumeixi cap responsabilitat derivada d\u2019aquest fet.<\/p>\n<hr data-start=\"4579\" data-end=\"4582\" \/>\n<h3 data-start=\"4584\" data-end=\"4669\"><strong data-start=\"4588\" data-end=\"4669\">II. Acc\u00e9s i navegaci\u00f3 en el lloc web: exclusi\u00f3 de garanties i responsabilitat<\/strong><\/h3>\n<p data-start=\"4671\" data-end=\"4968\"><strong data-start=\"4671\" data-end=\"4686\">Can Llosses<\/strong> no garanteix la continu\u00eftat, disponibilitat ni utilitat del Lloc Web, ni dels seus Continguts o Serveis.<br data-start=\"4791\" data-end=\"4794\" \/><strong data-start=\"4794\" data-end=\"4809\">Can Llosses<\/strong> far\u00e0 tot el possible per garantir el bon funcionament del Lloc Web, per\u00f2 no es responsabilitza ni garanteix que l\u2019acc\u00e9s sigui ininterromput o lliure d\u2019errors.<\/p>\n<p data-start=\"4970\" data-end=\"5431\">Tampoc no es responsabilitza ni garanteix que el contingut o el programari accessible des d\u2019aquest Lloc Web estigui lliure d\u2019errors o no causi danys al sistema inform\u00e0tic (programari i maquinari) de l\u2019Usuari. En cap cas <strong data-start=\"5190\" data-end=\"5205\">Can Llosses<\/strong> ser\u00e0 responsable de les p\u00e8rdues, danys o perjudicis de qualsevol tipus derivats de l\u2019acc\u00e9s, navegaci\u00f3 i \u00fas del Lloc Web, incloent-hi, per\u00f2 no limitant-se, els ocasionats als sistemes inform\u00e0tics o per la introducci\u00f3 de virus.<\/p>\n<p data-start=\"5433\" data-end=\"5692\">Aix\u00ed mateix, <strong data-start=\"5446\" data-end=\"5461\">Can Llosses<\/strong> no es fa responsable dels danys que puguin ocasionar-se als Usuaris per un \u00fas inadequat d\u2019aquest Lloc Web. En particular, no respondr\u00e0 de les caigudes, interrupcions, abs\u00e8ncia o defecte en les telecomunicacions que puguin oc\u00f3rrer.<\/p>\n<hr data-start=\"5694\" data-end=\"5697\" \/>\n<h3 data-start=\"5699\" data-end=\"5731\"><strong data-start=\"5703\" data-end=\"5731\">III. Pol\u00edtica d\u2019enlla\u00e7os<\/strong><\/h3>\n<p data-start=\"5733\" data-end=\"5879\"><strong data-start=\"5733\" data-end=\"5748\">Can Llosses<\/strong> no ofereix ni comercialitza per si mateixa ni mitjan\u00e7ant tercers els productes i\/o serveis disponibles en els llocs web enlla\u00e7ats.<\/p>\n<p data-start=\"5881\" data-end=\"6011\">L\u2019Usuari o tercer que estableixi un <strong data-start=\"5917\" data-end=\"5932\">hiperenlla\u00e7<\/strong> des d\u2019una p\u00e0gina web aliena al Lloc Web de <strong data-start=\"5976\" data-end=\"5991\">Can Llosses<\/strong> haur\u00e0 de saber que:<\/p>\n<ul data-start=\"6013\" data-end=\"6523\">\n<li data-start=\"6013\" data-end=\"6158\">\n<p data-start=\"6015\" data-end=\"6158\">No es permet la reproducci\u00f3 \u2014total o parcial\u2014 de cap dels Continguts i\/o Serveis del Lloc Web sense autoritzaci\u00f3 expressa de <strong data-start=\"6140\" data-end=\"6155\">Can Llosses<\/strong>.<\/p>\n<\/li>\n<li data-start=\"6159\" data-end=\"6301\">\n<p data-start=\"6161\" data-end=\"6301\">No es permet cap manifestaci\u00f3 falsa, inexacta o incorrecta sobre el Lloc Web de <strong data-start=\"6241\" data-end=\"6256\">Can Llosses<\/strong>, ni sobre els seus Continguts i\/o Serveis.<\/p>\n<\/li>\n<li data-start=\"6302\" data-end=\"6523\">\n<p data-start=\"6304\" data-end=\"6523\">Excepte l\u2019hiperenlla\u00e7, el lloc web on s\u2019estableixi aquest enlla\u00e7 no podr\u00e0 contenir cap element protegit com a propietat intel\u00b7lectual per l\u2019ordenament jur\u00eddic espanyol, llevat d\u2019autoritzaci\u00f3 expressa de <strong data-start=\"6507\" data-end=\"6522\">Can Llosses<\/strong>.<\/p>\n<\/li>\n<\/ul>\n<p data-start=\"6525\" data-end=\"6789\">L\u2019establiment de l\u2019hiperenlla\u00e7 no implicar\u00e0 cap relaci\u00f3 entre <strong data-start=\"6587\" data-end=\"6602\">Can Llosses<\/strong> i el titular del lloc web des del qual es faci, ni el coneixement o acceptaci\u00f3 per part de <strong data-start=\"6694\" data-end=\"6709\">Can Llosses<\/strong> dels continguts, serveis i\/o activitats oferts en aquest lloc web, i viceversa.<\/p>\n<hr data-start=\"6791\" data-end=\"6794\" \/>\n<h3 data-start=\"6796\" data-end=\"6844\"><strong data-start=\"6800\" data-end=\"6844\">IV. Propietat intel\u00b7lectual i industrial<\/strong><\/h3>\n<p data-start=\"6846\" data-end=\"7509\"><strong data-start=\"6846\" data-end=\"6861\">Can Llosses<\/strong>, per si mateixa o com a cession\u00e0ria, \u00e9s titular de tots els drets de propietat intel\u00b7lectual i industrial del Lloc Web, aix\u00ed com dels elements que hi estan continguts (a t\u00edtol enunciatiu i no exhaustiu: imatges, so, \u00e0udio, v\u00eddeo, programari o textos, marques o logotips, combinacions de colors, estructura i disseny, selecci\u00f3 de materials, programes d\u2019ordinador necessaris per al seu funcionament, acc\u00e9s i \u00fas, etc.).<br data-start=\"7278\" data-end=\"7281\" \/>Aquests elements s\u00f3n, per tant, obres protegides com a propietat intel\u00b7lectual per l\u2019ordenament jur\u00eddic espanyol, i els \u00e9s aplicable la normativa espanyola i comunit\u00e0ria, aix\u00ed com els tractats internacionals signats per Espanya.<\/p>\n<p data-start=\"7511\" data-end=\"7878\">Tots els drets reservats. D\u2019acord amb la <strong data-start=\"7552\" data-end=\"7587\">Llei de Propietat Intel\u00b7lectual<\/strong>, queda expressament prohibida la reproducci\u00f3, distribuci\u00f3 i comunicaci\u00f3 p\u00fablica, inclosa la seva posada a disposici\u00f3, total o parcial, dels continguts d\u2019aquesta p\u00e0gina web, amb finalitats comercials, en qualsevol suport i per qualsevol mitj\u00e0 t\u00e8cnic, sense l\u2019autoritzaci\u00f3 de <strong data-start=\"7862\" data-end=\"7877\">Can Llosses<\/strong>.<\/p>\n<p data-start=\"7880\" data-end=\"8343\">L\u2019Usuari es compromet a respectar els drets de propietat intel\u00b7lectual i industrial de <strong data-start=\"7967\" data-end=\"7982\">Can Llosses<\/strong>. Pot visualitzar els elements del Lloc Web o fins i tot imprimir-los, copiar-los i emmagatzemar-los al disc dur del seu ordinador o en qualsevol altre suport f\u00edsic, sempre que sigui exclusivament per al seu \u00fas personal. No obstant aix\u00f2, l\u2019Usuari no podr\u00e0 suprimir, alterar ni manipular cap dispositiu de protecci\u00f3 o sistema de seguretat instal\u00b7lat al Lloc Web.<\/p>\n<p data-start=\"8345\" data-end=\"8653\">En cas que l\u2019Usuari o un tercer consideri que algun dels Continguts del Lloc Web vulnera drets de propietat intel\u00b7lectual, haur\u00e0 de comunicar-ho immediatament a <strong data-start=\"8506\" data-end=\"8521\">Can Llosses<\/strong> a trav\u00e9s de les dades de contacte indicades a l\u2019apartat d\u2019<strong data-start=\"8580\" data-end=\"8602\">INFORMACI\u00d3 GENERAL<\/strong> del present Av\u00eds Legal i Condicions Generals d\u2019\u00das.<\/p>\n<hr data-start=\"8655\" data-end=\"8658\" \/>\n<h3 data-start=\"8660\" data-end=\"8721\"><strong data-start=\"8664\" data-end=\"8721\">V. Accions legals, legislaci\u00f3 aplicable i jurisdicci\u00f3<\/strong><\/h3>\n<p data-start=\"8723\" data-end=\"8938\"><strong data-start=\"8723\" data-end=\"8738\">Can Llosses<\/strong> es reserva la facultat d\u2019emprendre les accions civils o penals que consideri necess\u00e0ries per la utilitzaci\u00f3 indeguda del Lloc Web i els seus Continguts, o pel incompliment de les presents Condicions.<\/p>\n<p data-start=\"8940\" data-end=\"9280\">La relaci\u00f3 entre l\u2019Usuari i <strong data-start=\"8968\" data-end=\"8983\">Can Llosses<\/strong> es regir\u00e0 per la normativa vigent aplicable al territori espanyol. En cas que sorgeixi qualsevol controv\u00e8rsia sobre la interpretaci\u00f3 i\/o aplicaci\u00f3 d\u2019aquestes Condicions, les parts sotmetran els seus conflictes a la jurisdicci\u00f3 ordin\u00e0ria, als jutjats i tribunals que corresponguin conforme a dret.<\/p>\n<\/div>\n\n\n\n\n\t\t\t<\/div> \n\t\t<\/div>\n\t<\/div> \n<\/div><\/div>","protected":false},"excerpt":{"rendered":"AV\u00cdS LEGAL En compliment del deure d\u2019informaci\u00f3 disposat a la Llei 34\/2002 de Serveis de la Societat de...","protected":false},"author":2,"featured_media":0,"parent":0,"menu_order":0,"comment_status":"closed","ping_status":"closed","template":"","meta":{"_themeisle_gutenberg_block_has_review":false,"footnotes":""},"class_list":["post-498","page","type-page","status-publish"],"aioseo_notices":[],"_links":{"self":[{"href":"https:\/\/canllosses.com\/ca\/wp-json\/wp\/v2\/pages\/498","targetHints":{"allow":["GET"]}}],"collection":[{"href":"https:\/\/canllosses.com\/ca\/wp-json\/wp\/v2\/pages"}],"about":[{"href":"https:\/\/canllosses.com\/ca\/wp-json\/wp\/v2\/types\/page"}],"author":[{"embeddable":true,"href":"https:\/\/canllosses.com\/ca\/wp-json\/wp\/v2\/users\/2"}],"replies":[{"embeddable":true,"href":"https:\/\/canllosses.com\/ca\/wp-json\/wp\/v2\/comments?post=498"}],"version-history":[{"count":11,"href":"https:\/\/canllosses.com\/ca\/wp-json\/wp\/v2\/pages\/498\/revisions"}],"predecessor-version":[{"id":709,"href":"https:\/\/canllosses.com\/ca\/wp-json\/wp\/v2\/pages\/498\/revisions\/709"}],"wp:attachment":[{"href":"https:\/\/canllosses.com\/ca\/wp-json\/wp\/v2\/media?parent=498"}],"curies":[{"name":"wp","href":"https:\/\/api.w.org\/{rel}","templated":true}]}}