{"id":502,"date":"2022-01-18T11:58:26","date_gmt":"2022-01-18T11:58:26","guid":{"rendered":"https:\/\/canllosses.com\/?page_id=502"},"modified":"2023-02-08T15:42:07","modified_gmt":"2023-02-08T15:42:07","slug":"politica-cookies","status":"publish","type":"page","link":"https:\/\/canllosses.com\/ca\/politica-cookies\/","title":{"rendered":"Pol\u00edtica de Cookies"},"content":{"rendered":"<div id=\"fws_69f2f80486c44\"  data-column-margin=\"default\" data-midnight=\"dark\"  class=\"wpb_row vc_row-fluid vc_row\"  style=\"padding-top: 0px; padding-bottom: 0px; \"><div class=\"row-bg-wrap\" data-bg-animation=\"none\" data-bg-animation-delay=\"\" data-bg-overlay=\"false\"><div class=\"inner-wrap row-bg-layer\" ><div class=\"row-bg viewport-desktop\"  style=\"\"><\/div><\/div><\/div><div class=\"row_col_wrap_12 col span_12 dark left\">\n\t<div  class=\"vc_col-sm-12 wpb_column column_container vc_column_container col no-extra-padding inherit_tablet inherit_phone\"  data-padding-pos=\"all\" data-has-bg-color=\"false\" data-bg-color=\"\" data-bg-opacity=\"1\" data-animation=\"\" data-delay=\"0\" >\n\t\t<div class=\"vc_column-inner\" >\n\t\t\t<div class=\"wpb_wrapper\">\n\t\t\t\t\n<div class=\"wpb_text_column wpb_content_element\" >\n\t<h3>COOKIES<\/h3>\n<p><strong>\u00bfQu\u00e9 son las cookies?<\/strong><\/p>\n<p>Una \u201cCookie\u201d es un peque\u00f1o archivo que se almacena en el ordenador del usuario, tablet, smartphone o cualquier otro dispositivo con informaci\u00f3n sobre la navegaci\u00f3n. El conjunto de \u201ccookies\u201d, nos ayuda a mejorar la calidad de nuestra web, y nos permite saber que paginas encuentran nuestros usuarios \u00fatiles y cu\u00e1les no. Este sitio web utiliza cookies y\/o tecnolog\u00edas similares que almacenan y recuperan informaci\u00f3n cuando navegas. En general, estas tecnolog\u00edas pueden servir para finalidades muy diversas, como, por ejemplo, reconocerte como usuario, obtener informaci\u00f3n sobre tus h\u00e1bitos de navegaci\u00f3n, o personalizar la forma en que se muestra el contenido.<\/p>\n<p><strong>Tipos de cookies<\/strong><\/p>\n<p>La informaci\u00f3n que le proporcionamos a continuaci\u00f3n le ayudar\u00e1 a comprender los diferentes tipos de cookies:<\/p>\n<ul>\n<li><strong>Cookies propias<\/strong>: Son aquellas que se env\u00edan a su equipo desde nuestros propios equipos o dominios y desde el que prestamos el servicio que nos solicita.<\/li>\n<li><strong>Cookies de terceros<\/strong>: Son aquellas que se env\u00edan a su equipo desde un equipo o dominio que no es gestionado por nosotros, sino por otra entidad colaboradora. Como, por ejemplo, las usadas por redes sociales, o por contenido externo como Google Maps.<\/li>\n<li><strong>Cookies de sesi\u00f3n<\/strong>: Son cookies temporales que permanecen en el archivo de cookies de su navegador hasta que abandona la p\u00e1gina web, por lo que ninguna queda registrada en el disco duro de su ordenador. La informaci\u00f3n obtenida por medio de estas cookies, sirven para analizar pautas de tr\u00e1fico en la web. A la larga, esto nos permite proporcionar una mejor experiencia para mejorar el contenido y facilitar su uso.<\/li>\n<li><strong>Cookies persistentes<\/strong>: son almacenadas en el disco duro y nuestra web las lee cada vez que realiza una nueva visita. Una cookie permanente posee una fecha de expiraci\u00f3n determinada. La cookie dejar\u00e1 de funcionar despu\u00e9s de esa fecha. Estas cookies las utilizamos, generalmente, para facilitar los servicios de registro.<\/li>\n<li><strong>Cookies t\u00e9cnicas<\/strong>: Son aquellas necesarias para la navegaci\u00f3n y el buen funcionamiento de nuestra p\u00e1gina web. Permiten, por ejemplo, controlar el tr\u00e1fico y la comunicaci\u00f3n de datos, acceder a partes de acceso restringido, utilizar elementos de seguridad, almacenar contenidos para poder difundir v\u00eddeos o compartir contenidos a trav\u00e9s de redes sociales.<\/li>\n<li><strong>Cookies de personalizaci\u00f3n<\/strong>: Son aqu\u00e9llas que le permiten acceder al servicio con unas caracter\u00edsticas predefinidas en funci\u00f3n de una serie de criterios, como por ejemplo el idioma, el tipo de navegador a trav\u00e9s del cual se accede al servicio, la configuraci\u00f3n regional desde donde se accede al servicio, etc.<\/li>\n<li><strong>Cookies de an\u00e1lisis<\/strong>: Son aquellas que, tratadas por nosotros o por terceros, nos permiten cuantificar el n\u00famero de usuarios y as\u00ed realizar la medici\u00f3n y an\u00e1lisis estad\u00edstico de la utilizaci\u00f3n que hacen los usuarios del servicio ofertado. Para ello se analiza su navegaci\u00f3n en nuestra p\u00e1gina web con el fin de mejorar la oferta de productos o servicios que le ofrecemos.<\/li>\n<li><strong>Cookies publicitarias<\/strong>: Son aqu\u00e9llas que permiten la gesti\u00f3n, de la forma m\u00e1s eficaz posible, de los espacios publicitarios que se pudieran incluir en nuestra p\u00e1gina web, mostrando publicidad relacionada con su perfil de navegaci\u00f3n.<\/li>\n<li><strong>Cookies de publicidad comportamental<\/strong>: Estas cookies almacenan informaci\u00f3n del comportamiento de los usuarios obtenida a trav\u00e9s de la observaci\u00f3n continuada. Gracias a ellas, podemos conocer los h\u00e1bitos de navegaci\u00f3n en internet y mostrarte publicidad relacionada con tu perfil de navegaci\u00f3n.<\/li>\n<\/ul>\n<p><strong>\u00bfPara que utiliza esta p\u00e1gina web las cookies?<\/strong> Esta p\u00e1gina web utiliza las cookies de an\u00e1lisis y publicitarias con las finalidades descritas en el apartado anterior<strong>. <\/strong><\/p>\n<p><strong>\u00bfQui\u00e9n utiliza las cookies en esta p\u00e1gina web? <\/strong> La identificaci\u00f3n de qui\u00e9n utiliza las cookies, el tipo de cookies utilizadas y dem\u00e1s detalles, se indica a continuaci\u00f3n:<\/p>\n<table width=\"621\">\n<tbody>\n<tr>\n<td width=\"83\"><strong><sub>Cookies<\/sub><sup>1<\/sup><\/strong><\/td>\n<td width=\"57\"><strong><sub>Tipo<\/sub><sup>2<\/sup><\/strong><\/td>\n<td width=\"76\"><strong><sub>Propietario<\/sub><sup>3<\/sup><\/strong><\/td>\n<td width=\"180\"><strong><sub>Prop\u00f3sito y utlizaci\u00f3n<\/sub><sup>4<\/sup><\/strong><\/td>\n<td width=\"85\"><strong><sub>Periodo conservaci\u00f3n<\/sub><sup>5<\/sup><\/strong><\/td>\n<td width=\"142\"><strong><sub>M\u00e1s informaci\u00f3n<\/sub><sup>6<\/sup><\/strong> <strong><sub>\u00a0<\/sub><\/strong><\/td>\n<\/tr>\n<tr>\n<td width=\"83\"><sub>cookielawinfo-checkbox-analytics<\/sub><\/td>\n<td width=\"57\"><sub>Propia<\/sub><\/td>\n<td width=\"76\"><sub>\u00a0<\/sub><\/td>\n<td width=\"180\"><sub>La cookie se utiliza para almacenar el consentimiento del usuario para las cookies de la categor\u00eda \u00abAnalytics\u00bb.<\/sub><\/td>\n<td width=\"85\"><sub>11 meses<\/sub><\/td>\n<td width=\"142\"><sub>https:\/\/www.webtoffe<\/sub> <sub>e.com\/cookies-in-gdpr-<\/sub> <sub>cookie-consent-plugin\/<\/sub><\/td>\n<\/tr>\n<tr>\n<td width=\"83\"><sub>cookielawinfo-checkbox-necessary<\/sub><\/td>\n<td width=\"57\"><sub>Propia<\/sub><\/td>\n<td width=\"76\"><sub>\u00a0<\/sub><\/td>\n<td width=\"180\"><sub>La cookie se utiliza para almacenar el consentimiento del usuario para las cookies de la categor\u00eda \u00abNecessary\u00bb.<\/sub><\/td>\n<td width=\"85\"><sub>11 meses<\/sub><\/td>\n<td width=\"142\"><sub>https:\/\/cookiedatabase<\/sub> <sub>.org\/cookie\/gdpr-cookie-consent\/cookielawinfo<\/sub> <sub>-checkbox-necessary\/<\/sub><\/td>\n<\/tr>\n<tr>\n<td width=\"83\"><sub>CookieLawInfoConsent<\/sub><\/td>\n<td width=\"57\"><sub>Propia<\/sub><\/td>\n<td width=\"76\"><sub>\u00a0<\/sub><\/td>\n<td width=\"180\"><sub>Almacena el estado de consentimiento de las cookies del usuario.<\/sub><\/td>\n<td width=\"85\"><sub>12 meses<\/sub><\/td>\n<td width=\"142\"><sub>https:\/\/cookiedatabase<\/sub> <sub>.org\/cookie\/unknown-service\/cookielawinfoconsent\/<\/sub><\/td>\n<\/tr>\n<tr>\n<td width=\"83\"><sub>viewed_cookie_policy<\/sub><\/td>\n<td width=\"57\"><sub>Propia<\/sub><\/td>\n<td width=\"76\"><sub>\u00a0<\/sub><\/td>\n<td width=\"180\"><sub>Se utiliza para almacenar si el usuario ha consentido o no el uso de cookies. No almacena ning\u00fan dato personal.<\/sub><\/td>\n<td width=\"85\"><sub>11 meses<\/sub><\/td>\n<td width=\"142\"><sub>https:\/\/www.webtoffee<\/sub> <sub>.com\/cookies-in-gdpr-cookie-consent-plugin\/<\/sub><\/td>\n<\/tr>\n<tr>\n<td width=\"83\"><sub>_ga<\/sub><\/td>\n<td width=\"57\"><sub>Terceros<\/sub><\/td>\n<td width=\"76\"><sub>Google<\/sub><\/td>\n<td width=\"180\"><sub>Calcula los datos de los visitantes, de las sesiones y de las campa\u00f1as y tambi\u00e9n hace un seguimiento del uso del sitio para el informe de an\u00e1lisis de este. La cookie almacena la informaci\u00f3n de forma an\u00f3nima y asigna un n\u00famero generado aleatoriamente para reconocer a los visitantes \u00fanicos.<\/sub><\/td>\n<td width=\"85\"><sub>2 a<\/sub><sub>\u00f1os<\/sub><\/td>\n<td width=\"142\"><sub>Instalada por Google <\/sub> <sub>Analytics.<\/sub> <sub>https:\/\/cookiedatabase<\/sub> <sub>.org\/cookie\/<\/sub> <sub>google-analytics\/_ga_\/<\/sub><\/td>\n<\/tr>\n<tr>\n<td width=\"83\"><sub>_gat_gtag_UA<\/sub><\/td>\n<td width=\"57\"><sub>Terceros<\/sub><\/td>\n<td width=\"76\"><sub>Google <\/sub><\/td>\n<td width=\"180\"><sub>Establecido por Google para distinguir a los usuarios.<\/sub><\/td>\n<td width=\"85\"><sub>1 minuto<\/sub><\/td>\n<td width=\"142\"><sub>Instalada por <\/sub> <sub>Google Analytics<\/sub> <sub>https:\/\/cookiedatabase<\/sub> <sub>.org\/cookie\/google-analytics\/_gat_gtag_ua__1\/<\/sub><\/td>\n<\/tr>\n<tr>\n<td width=\"83\"><sub>_gid<\/sub><\/td>\n<td width=\"57\"><sub>Terceros<\/sub><\/td>\n<td width=\"76\"><sub>Google<\/sub><\/td>\n<td width=\"180\"><sub>Almacena informaci\u00f3n sobre el uso que hacen los visitantes de un sitio web, a la vez que crea un informe anal\u00edtico del rendimiento del sitio. Algunos de los datos que se recogen son el n\u00famero de visitantes, su procedencia y las p\u00e1ginas que visitan de forma an\u00f3nima.<\/sub><\/td>\n<td width=\"85\"><sub>1 d\u00eda<\/sub><\/td>\n<td width=\"142\"><sub>Instalada por Google Analytics<\/sub> <sub>https:\/\/cookiedatabase<\/sub> <sub>.org\/cookie\/google-analytics\/_gid\/<\/sub><\/td>\n<\/tr>\n<\/tbody>\n<\/table>\n<p>Nota: Las cookies de tipo \u201cPropias\u201d son utilizadas s\u00f3lo por el propietario de esta web y las cookies \u201cDe terceros\u201d son utilizadas, tambi\u00e9n, por el prestador del servicio que est\u00e1 detallado la tabla anterior. Puede informarse de las transferencias a terceros pa\u00edses que, en su caso, realizan los terceros identificados en esta pol\u00edtica de cookies en sus correspondientes pol\u00edticas (ver los enlaces facilitados en el apartado \u201cM\u00e1s informaci\u00f3n\u201d de la tabla anterior).<\/p>\n<p><strong>\u00bfC\u00f3mo puedo desactivar o eliminar estas cookies?<\/strong> Puede usted permitir o bloquear las cookies, as\u00ed como borrar sus datos de navegaci\u00f3n (incluidas las cookies) desde el navegador que usted utiliza. Consulte las opciones e instrucciones que ofrece su navegador para ello. Tenga en cuenta que, si acepta las cookies de terceros, deber\u00e1 eliminarlas desde las opciones del navegador. Adem\u00e1s, algunos Servicios pueden utilizar conectores con redes sociales tales como Faceboock o Twitter. Cuando un usuario se registra en un Servicio con credenciales de una red social, autoriza a la red social a guardar una cookie persistente que recuerda su identidad y le garantiza acceso a los Servicios hasta que expire. El usuario puede borrar esta cookie y revocar el acceso a los Servicios mediante redes sociales actualizando sus preferencias en la red social que especifica. A continuaci\u00f3n, tiene disponibles los enlaces con la informaci\u00f3n para gestionar las cookies de los navegadores m\u00e1s utilizados:<\/p>\n<ul>\n<li><strong>Firefox<\/strong>:<a href=\"http:\/\/support.mozilla.org\/es\/kb\/habilitar-y-deshabilitar-cookies-que-los-sitios-we\">http:\/\/support.mozilla.org\/es\/kb\/habilitar-y-deshabilitar-cookies-que-los-sitios-we<\/a><\/li>\n<li><strong>Chrome<\/strong>: <a href=\"http:\/\/support.google.com\/chrome\/bin\/answer.py?hl=es&amp;answer=95647\">http:\/\/support.google.com\/chrome\/bin\/answer.py?hl=es&amp;answer=95647<\/a><\/li>\n<li><strong>Internet Explorer<\/strong>: <a href=\"https:\/\/support.microsoft.com\/es-es\/help\/278835\/how-to-delete-cookie-files-in-internet-explorer\">https:\/\/support.microsoft.com\/es-es\/help\/278835\/how-to-delete-cookie-files-in-internet-explorer<\/a><\/li>\n<li><strong>Microsoft Edge<\/strong><strong>:<\/strong> <a href=\"https:\/\/support.microsoft.com\/es-es\/help\/4468242\/microsoft-edge-browsing-data-and-privacy-microsoft-privacy\">https:\/\/support.microsoft.com\/es-es\/help\/4468242\/microsoft-edge-browsing-data-and-privacy-microsoft-privacy<\/a><\/li>\n<li><strong>Safari<\/strong>: <a href=\"http:\/\/support.apple.com\/kb\/ph5042\">http:\/\/support.apple.com\/kb\/ph5042<\/a><\/li>\n<li><strong>Opera<\/strong>: <a href=\"http:\/\/help.opera.com\/Windows\/11.50\/es-ES\/cookies.html\">http:\/\/help.opera.com\/Windows\/11.50\/es-ES\/cookies.html<\/a><\/li>\n<li><strong>Otros navegadores<\/strong>: consulte la documentaci\u00f3n del navegador que tenga instalado.<\/li>\n<\/ul>\n<p><strong>Complemento de inhabilitaci\u00f3n para navegadores de Google Analytics: <\/strong> Si desea rechazar las cookies anal\u00edticas de Google Analytics en todos los navegadores, de forma que no se env\u00ede informaci\u00f3n suya a Google Analitys, puede descargar un complemento que realiza esta funci\u00f3n desde este enlace: <a href=\"https:\/\/tools.google.com\/dlpage\/gaoptout\">https:\/\/tools.google.com\/dlpage\/gaoptout<\/a>.<\/p>\n<p><strong>Ejercicio de derechos.<\/strong> Puede conocer y ejercer sus derechos en materia de protecci\u00f3n de datos accediendo a nuestra <a href=\"https:\/\/canllosses.com\/ca\/politica-privacidad\/\"><u>Pol\u00edtica de Privadesa<\/u><\/a>. *Las condiciones presentes se regir\u00e1n por la legislaci\u00f3n espa\u00f1ola vigente.<\/p>\n<\/div>\n\n\n\n\n\t\t\t<\/div> \n\t\t<\/div>\n\t<\/div> \n<\/div><\/div>","protected":false},"excerpt":{"rendered":"COOKIES \u00bfQu\u00e9 son las cookies? Una \u201cCookie\u201d es un peque\u00f1o archivo que se almacena en el ordenador del...","protected":false},"author":2,"featured_media":0,"parent":0,"menu_order":0,"comment_status":"closed","ping_status":"closed","template":"","meta":{"_themeisle_gutenberg_block_has_review":false,"footnotes":""},"class_list":["post-502","page","type-page","status-publish"],"aioseo_notices":[],"_links":{"self":[{"href":"https:\/\/canllosses.com\/ca\/wp-json\/wp\/v2\/pages\/502","targetHints":{"allow":["GET"]}}],"collection":[{"href":"https:\/\/canllosses.com\/ca\/wp-json\/wp\/v2\/pages"}],"about":[{"href":"https:\/\/canllosses.com\/ca\/wp-json\/wp\/v2\/types\/page"}],"author":[{"embeddable":true,"href":"https:\/\/canllosses.com\/ca\/wp-json\/wp\/v2\/users\/2"}],"replies":[{"embeddable":true,"href":"https:\/\/canllosses.com\/ca\/wp-json\/wp\/v2\/comments?post=502"}],"version-history":[{"count":5,"href":"https:\/\/canllosses.com\/ca\/wp-json\/wp\/v2\/pages\/502\/revisions"}],"predecessor-version":[{"id":705,"href":"https:\/\/canllosses.com\/ca\/wp-json\/wp\/v2\/pages\/502\/revisions\/705"}],"wp:attachment":[{"href":"https:\/\/canllosses.com\/ca\/wp-json\/wp\/v2\/media?parent=502"}],"curies":[{"name":"wp","href":"https:\/\/api.w.org\/{rel}","templated":true}]}}